{"id":3136,"date":"2021-06-03T18:42:43","date_gmt":"2021-06-03T18:42:43","guid":{"rendered":"https:\/\/lilaisleepwear.com\/?page_id=3136"},"modified":"2021-06-03T18:42:43","modified_gmt":"2021-06-03T18:42:43","slug":"tiempos-de-entrega","status":"publish","type":"page","link":"https:\/\/lilaisleepwear.com\/en\/tiempos-de-entrega\/","title":{"rendered":"Tiempos de Entrega"},"content":{"rendered":"\t\t<div data-elementor-type=\"wp-page\" data-elementor-id=\"3136\" class=\"elementor elementor-3136 elementor-3135\" data-elementor-post-type=\"page\">\n\t\t\t\t\t\t<section class=\"elementor-section elementor-top-section elementor-element elementor-element-21f9611 elementor-section-boxed elementor-section-height-default elementor-section-height-default\" data-id=\"21f9611\" data-element_type=\"section\">\n\t\t\t\t\t\t<div class=\"elementor-container elementor-column-gap-default\">\n\t\t\t\t\t<div class=\"elementor-column elementor-col-100 elementor-top-column elementor-element elementor-element-110f398\" data-id=\"110f398\" data-element_type=\"column\">\n\t\t\t<div class=\"elementor-column-wrap--110f398 elementor-widget-wrap elementor-element-populated\">\n\t\t\t\t\t\t<div class=\"elementor-element elementor-element-f276d18 elementor-widget elementor-widget-text-editor\" data-id=\"f276d18\" data-element_type=\"widget\" data-widget_type=\"text-editor.default\">\n\t\t\t\t<div class=\"elementor-widget-container\">\n\t\t\t\t\t\t\t\t\t<h3>Tiempos de Entrega<\/h3>\t\t\t\t\t\t\t\t<\/div>\n\t\t\t\t<\/div>\n\t\t\t\t<div class=\"elementor-element elementor-element-cf73078 elementor-widget elementor-widget-text-editor\" data-id=\"cf73078\" data-element_type=\"widget\" data-widget_type=\"text-editor.default\">\n\t\t\t\t<div class=\"elementor-widget-container\">\n\t\t\t\t\t\t\t\t\t<p><strong>DELIVERY LIMA METROPOLITANA<\/strong><\/p><p>Tenemos un plazo de entrega de 1 a 3 d\u00edas h\u00e1biles, a partir del d\u00eda posterior de realizar el pedido.<\/p><p>Nuestros pedidos son enviados por empresas tercerizadas, quienes son responsables de la seguridad y tiempo de los despachos por lo que no tenemos horarios exactos de entrega.<\/p><p><strong>DELIVERY PROVINCIAS Y RESTO LIMA PROVINCIA<\/strong><\/p><p>Nuestros pedidos son enviados por Scharff (empresa tercerizada), quienes son responsables de la seguridad y tiempo de los despachos. Tenemos un plazo de entrega de 2 a 7 d\u00edas h\u00e1biles, a partir del d\u00eda posterior a realizar el pedido.<\/p><p>*Cabe resaltar que pueden haber demoras ocasionadas por factores externos.<\/p><p>En caso de urgencia de su pedido por favor comunicarse con nosotros y haremos lo posible: <a href=\"mailto:info@lilaisleepwear.com\">info@lilaisleepwear.com<\/a><\/p><p><strong>DELIVERY INTERNACIONAL<\/strong><\/p><p>Tenemos un plazo de entrega de 5 a 7 d\u00edas h\u00e1biles, a partir del d\u00eda posterior de realizar el pedido.<\/p><p>Nuestros env\u00edos son realizados por FEDEX (empresa tercerizada), quienes son responsables de la seguridad y tiempo de los despachos.<\/p>\t\t\t\t\t\t\t\t<\/div>\n\t\t\t\t<\/div>\n\t\t\t\t\t<\/div>\n\t\t<\/div>\n\t\t\t\t\t<\/div>\n\t\t<\/section>\n\t\t\t\t<\/div>\n\t\t","protected":false},"excerpt":{"rendered":"<p>Tiempos de Entrega DELIVERY LIMA METROPOLITANA Tenemos un plazo de entrega de 1 a 3 d\u00edas h\u00e1biles, a partir del d\u00eda posterior de realizar el pedido. Nuestros pedidos son enviados por empresas tercerizadas, quienes son responsables de la seguridad y tiempo de los despachos por lo que no tenemos horarios exactos de entrega. DELIVERY PROVINCIAS [&hellip;]<\/p>\n","protected":false},"author":98,"featured_media":0,"parent":0,"menu_order":0,"comment_status":"closed","ping_status":"closed","template":"template-builder.php","meta":{"_acf_changed":false,"footnotes":""},"class_list":["post-3136","page","type-page","status-publish","hentry"],"acf":[],"yoast_head":"<!-- This site is optimized with the Yoast SEO Premium plugin v22.0 (Yoast SEO v22.0) - https:\/\/yoast.com\/wordpress\/plugins\/seo\/ -->\n<title>Tiempos de Entrega | Lilai Sleepwear<\/title>\n<meta name=\"robots\" content=\"index, follow, max-snippet:-1, max-image-preview:large, max-video-preview:-1\" \/>\n<link rel=\"canonical\" href=\"https:\/\/lilaisleepwear.com\/en\/tiempos-de-entrega\/\" \/>\n<meta property=\"og:locale\" content=\"en_US\" \/>\n<meta property=\"og:type\" content=\"article\" \/>\n<meta property=\"og:title\" content=\"Tiempos de Entrega\" \/>\n<meta property=\"og:description\" content=\"Tiempos de Entrega DELIVERY LIMA METROPOLITANA Tenemos un plazo de entrega de 1 a 3 d\u00edas h\u00e1biles, a partir del d\u00eda posterior de realizar el pedido. Nuestros pedidos son enviados por empresas tercerizadas, quienes son responsables de la seguridad y tiempo de los despachos por lo que no tenemos horarios exactos de entrega. DELIVERY PROVINCIAS [&hellip;]\" \/>\n<meta property=\"og:url\" content=\"https:\/\/lilaisleepwear.com\/en\/tiempos-de-entrega\/\" \/>\n<meta property=\"og:site_name\" content=\"Lilai Sleepwear\" \/>\n<meta property=\"article:publisher\" content=\"https:\/\/www.facebook.com\/lilaisw\/\" \/>\n<meta property=\"og:image\" content=\"https:\/\/lilaisleepwear.com\/wp-content\/uploads\/2021\/06\/lilaicover.png\" \/>\n\t<meta property=\"og:image:width\" content=\"1200\" \/>\n\t<meta property=\"og:image:height\" content=\"630\" \/>\n\t<meta property=\"og:image:type\" content=\"image\/png\" \/>\n<meta name=\"twitter:card\" content=\"summary_large_image\" \/>\n<script type=\"application\/ld+json\" class=\"yoast-schema-graph\">{\"@context\":\"https:\/\/schema.org\",\"@graph\":[{\"@type\":\"WebPage\",\"@id\":\"https:\/\/lilaisleepwear.com\/en\/tiempos-de-entrega\/\",\"url\":\"https:\/\/lilaisleepwear.com\/en\/tiempos-de-entrega\/\",\"name\":\"Tiempos de Entrega | Lilai Sleepwear\",\"isPartOf\":{\"@id\":\"http:\/\/lilaisleepwear.com\/#website\"},\"datePublished\":\"2021-06-03T18:42:43+00:00\",\"dateModified\":\"2021-06-03T18:42:43+00:00\",\"breadcrumb\":{\"@id\":\"https:\/\/lilaisleepwear.com\/en\/tiempos-de-entrega\/#breadcrumb\"},\"inLanguage\":\"en-US\",\"potentialAction\":[{\"@type\":\"ReadAction\",\"target\":[\"https:\/\/lilaisleepwear.com\/en\/tiempos-de-entrega\/\"]}]},{\"@type\":\"BreadcrumbList\",\"@id\":\"https:\/\/lilaisleepwear.com\/en\/tiempos-de-entrega\/#breadcrumb\",\"itemListElement\":[{\"@type\":\"ListItem\",\"position\":1,\"name\":\"Home\",\"item\":\"https:\/\/lilaisleepwear.com\/en\/\"},{\"@type\":\"ListItem\",\"position\":2,\"name\":\"Tiempos de Entrega\"}]},{\"@type\":\"WebSite\",\"@id\":\"http:\/\/lilaisleepwear.com\/#website\",\"url\":\"http:\/\/lilaisleepwear.com\/\",\"name\":\"Lilai Sleepwear\",\"description\":\"1er Borrador\",\"publisher\":{\"@id\":\"http:\/\/lilaisleepwear.com\/#organization\"},\"potentialAction\":[{\"@type\":\"SearchAction\",\"target\":{\"@type\":\"EntryPoint\",\"urlTemplate\":\"http:\/\/lilaisleepwear.com\/?s={search_term_string}\"},\"query-input\":\"required name=search_term_string\"}],\"inLanguage\":\"en-US\"},{\"@type\":\"Organization\",\"@id\":\"http:\/\/lilaisleepwear.com\/#organization\",\"name\":\"Lilai Sleepwear\",\"url\":\"http:\/\/lilaisleepwear.com\/\",\"logo\":{\"@type\":\"ImageObject\",\"inLanguage\":\"en-US\",\"@id\":\"http:\/\/lilaisleepwear.com\/#\/schema\/logo\/image\/\",\"url\":\"https:\/\/lilaisleepwear.com\/wp-content\/uploads\/2021\/06\/logoheadlilaimail-1.png\",\"contentUrl\":\"https:\/\/lilaisleepwear.com\/wp-content\/uploads\/2021\/06\/logoheadlilaimail-1.png\",\"width\":300,\"height\":93,\"caption\":\"Lilai Sleepwear\"},\"image\":{\"@id\":\"http:\/\/lilaisleepwear.com\/#\/schema\/logo\/image\/\"},\"sameAs\":[\"https:\/\/www.facebook.com\/lilaisw\/\",\"https:\/\/www.instagram.com\/lilaisleepwear\/\",\"https:\/\/www.pinterest.es\/lilaisleepwear\/\"]}]}<\/script>\n<!-- \/ Yoast SEO Premium plugin. -->","yoast_head_json":{"title":"Tiempos de Entrega | Lilai Sleepwear","robots":{"index":"index","follow":"follow","max-snippet":"max-snippet:-1","max-image-preview":"max-image-preview:large","max-video-preview":"max-video-preview:-1"},"canonical":"https:\/\/lilaisleepwear.com\/en\/tiempos-de-entrega\/","og_locale":"en_US","og_type":"article","og_title":"Tiempos de Entrega","og_description":"Tiempos de Entrega DELIVERY LIMA METROPOLITANA Tenemos un plazo de entrega de 1 a 3 d\u00edas h\u00e1biles, a partir del d\u00eda posterior de realizar el pedido. Nuestros pedidos son enviados por empresas tercerizadas, quienes son responsables de la seguridad y tiempo de los despachos por lo que no tenemos horarios exactos de entrega. DELIVERY PROVINCIAS [&hellip;]","og_url":"https:\/\/lilaisleepwear.com\/en\/tiempos-de-entrega\/","og_site_name":"Lilai Sleepwear","article_publisher":"https:\/\/www.facebook.com\/lilaisw\/","og_image":[{"width":1200,"height":630,"url":"https:\/\/lilaisleepwear.com\/wp-content\/uploads\/2021\/06\/lilaicover.png","type":"image\/png"}],"twitter_card":"summary_large_image","schema":{"@context":"https:\/\/schema.org","@graph":[{"@type":"WebPage","@id":"https:\/\/lilaisleepwear.com\/en\/tiempos-de-entrega\/","url":"https:\/\/lilaisleepwear.com\/en\/tiempos-de-entrega\/","name":"Tiempos de Entrega | Lilai Sleepwear","isPartOf":{"@id":"http:\/\/lilaisleepwear.com\/#website"},"datePublished":"2021-06-03T18:42:43+00:00","dateModified":"2021-06-03T18:42:43+00:00","breadcrumb":{"@id":"https:\/\/lilaisleepwear.com\/en\/tiempos-de-entrega\/#breadcrumb"},"inLanguage":"en-US","potentialAction":[{"@type":"ReadAction","target":["https:\/\/lilaisleepwear.com\/en\/tiempos-de-entrega\/"]}]},{"@type":"BreadcrumbList","@id":"https:\/\/lilaisleepwear.com\/en\/tiempos-de-entrega\/#breadcrumb","itemListElement":[{"@type":"ListItem","position":1,"name":"Home","item":"https:\/\/lilaisleepwear.com\/en\/"},{"@type":"ListItem","position":2,"name":"Tiempos de Entrega"}]},{"@type":"WebSite","@id":"http:\/\/lilaisleepwear.com\/#website","url":"http:\/\/lilaisleepwear.com\/","name":"Lilai Sleepwear","description":"1er Borrador","publisher":{"@id":"http:\/\/lilaisleepwear.com\/#organization"},"potentialAction":[{"@type":"SearchAction","target":{"@type":"EntryPoint","urlTemplate":"http:\/\/lilaisleepwear.com\/?s={search_term_string}"},"query-input":"required name=search_term_string"}],"inLanguage":"en-US"},{"@type":"Organization","@id":"http:\/\/lilaisleepwear.com\/#organization","name":"Lilai Sleepwear","url":"http:\/\/lilaisleepwear.com\/","logo":{"@type":"ImageObject","inLanguage":"en-US","@id":"http:\/\/lilaisleepwear.com\/#\/schema\/logo\/image\/","url":"https:\/\/lilaisleepwear.com\/wp-content\/uploads\/2021\/06\/logoheadlilaimail-1.png","contentUrl":"https:\/\/lilaisleepwear.com\/wp-content\/uploads\/2021\/06\/logoheadlilaimail-1.png","width":300,"height":93,"caption":"Lilai Sleepwear"},"image":{"@id":"http:\/\/lilaisleepwear.com\/#\/schema\/logo\/image\/"},"sameAs":["https:\/\/www.facebook.com\/lilaisw\/","https:\/\/www.instagram.com\/lilaisleepwear\/","https:\/\/www.pinterest.es\/lilaisleepwear\/"]}]}},"_links":{"self":[{"href":"https:\/\/lilaisleepwear.com\/en\/wp-json\/wp\/v2\/pages\/3136","targetHints":{"allow":["GET"]}}],"collection":[{"href":"https:\/\/lilaisleepwear.com\/en\/wp-json\/wp\/v2\/pages"}],"about":[{"href":"https:\/\/lilaisleepwear.com\/en\/wp-json\/wp\/v2\/types\/page"}],"author":[{"embeddable":true,"href":"https:\/\/lilaisleepwear.com\/en\/wp-json\/wp\/v2\/users\/98"}],"replies":[{"embeddable":true,"href":"https:\/\/lilaisleepwear.com\/en\/wp-json\/wp\/v2\/comments?post=3136"}],"version-history":[{"count":0,"href":"https:\/\/lilaisleepwear.com\/en\/wp-json\/wp\/v2\/pages\/3136\/revisions"}],"wp:attachment":[{"href":"https:\/\/lilaisleepwear.com\/en\/wp-json\/wp\/v2\/media?parent=3136"}],"curies":[{"name":"wp","href":"https:\/\/api.w.org\/{rel}","templated":true}]}}