{"id":2744,"date":"2019-07-31T18:41:58","date_gmt":"2019-07-31T18:41:58","guid":{"rendered":"https:\/\/lilaisleepwear.com\/cambios-y-devoluciones\/"},"modified":"2021-06-03T18:41:36","modified_gmt":"2021-06-03T18:41:36","slug":"cambios-y-devoluciones","status":"publish","type":"page","link":"https:\/\/lilaisleepwear.com\/en\/cambios-y-devoluciones\/","title":{"rendered":"Cambios y devoluciones"},"content":{"rendered":"\t\t<div data-elementor-type=\"wp-page\" data-elementor-id=\"2744\" class=\"elementor elementor-2744 elementor-516\" data-elementor-post-type=\"page\">\n\t\t\t\t\t\t<section class=\"elementor-section elementor-top-section elementor-element elementor-element-21f9611 elementor-section-boxed elementor-section-height-default elementor-section-height-default\" data-id=\"21f9611\" data-element_type=\"section\">\n\t\t\t\t\t\t<div class=\"elementor-container elementor-column-gap-default\">\n\t\t\t\t\t<div class=\"elementor-column elementor-col-100 elementor-top-column elementor-element elementor-element-110f398\" data-id=\"110f398\" data-element_type=\"column\">\n\t\t\t<div class=\"elementor-column-wrap--110f398 elementor-widget-wrap elementor-element-populated\">\n\t\t\t\t\t\t<div class=\"elementor-element elementor-element-f276d18 elementor-widget elementor-widget-text-editor\" data-id=\"f276d18\" data-element_type=\"widget\" data-widget_type=\"text-editor.default\">\n\t\t\t\t<div class=\"elementor-widget-container\">\n\t\t\t\t\t\t\t\t\t<h3>CAMBIOS Y DEVOLUCIONES<\/h3>\t\t\t\t\t\t\t\t<\/div>\n\t\t\t\t<\/div>\n\t\t\t\t<div class=\"elementor-element elementor-element-bdef3cb elementor-widget elementor-widget-text-editor\" data-id=\"bdef3cb\" data-element_type=\"widget\" data-widget_type=\"text-editor.default\">\n\t\t\t\t<div class=\"elementor-widget-container\">\n\t\t\t\t\t\t\t\t\t<p>Si deseas realizar alg\u00fan cambio por productos adquiridos en nuestra web, podr\u00e1s hacerlo dentro de los 3 d\u00edas h\u00e1biles a partir de la fecha de entrega de la compra y siempre y cuando sea por un motivo de cambio de talla.<\/p><p>Comun\u00edcate con nuestro equipo de atenci\u00f3n al cliente al siguiente mail <a href=\"mailto:info@lilaisleepwear.com\">info@lilaisleepwear.com<\/a> para comenzar el tr\u00e1mite de tu devoluci\u00f3n con la siguiente informaci\u00f3n:<\/p><ul><li>Fecha del pedido<\/li><li>Nombre completo<\/li><li>N\u00famero de tel\u00e9fono<\/li><li>Comprobante de compra<\/li><\/ul><p>Consideramos que nuestras prendas son de uso muy personal, es por eso que la prenda a cambiar debe estar sujeta a las siguientes condiciones al igual que el proceso de cambio:<\/p><ul><li>La prenda debe contar con su empaque y etiquetas originales.<\/li><li>El producto deber\u00e1 devolverse en \u00f3ptimas condiciones y con todos sus acabados, sin rastros de haber sido utilizado.<\/li><li>El env\u00edo de la prenda debe ser asumido por el cliente, siendo este el que deba llevarlo a la oficina de San Borja para realizar dicho cambio.<\/li><li>Si la solicitud de devoluci\u00f3n se realiza fuera del periodo se\u00f1alado o el art\u00edculo se ha utilizado, estropeado o no se env\u00eda en su embalaje original, no podremos aceptar la devoluci\u00f3n.<\/li><li>No se realizan devoluciones de dinero.<\/li><li>Cambios v\u00e1lidos para un monto igual o superior a la venta (cancelando la diferencia).<\/li><\/ul><p>Aquellos productos que fueron adquiridos en promoci\u00f3n o con descuento no est\u00e1n sujetos a cambios ni devoluciones.<\/p><p>Para compras realizadas fuera del pa\u00eds y que impliquen un env\u00edo internacional se aceptar\u00e1 hasta 1 cambio por cliente, siendo este el que asuma los costos de env\u00edo de recojo y env\u00edo del cambio.<\/p>\t\t\t\t\t\t\t\t<\/div>\n\t\t\t\t<\/div>\n\t\t\t\t\t<\/div>\n\t\t<\/div>\n\t\t\t\t\t<\/div>\n\t\t<\/section>\n\t\t\t\t<\/div>\n\t\t","protected":false},"excerpt":{"rendered":"<p>CAMBIOS Y DEVOLUCIONES Si deseas realizar alg\u00fan cambio por productos adquiridos en nuestra web, podr\u00e1s hacerlo dentro de los 3 d\u00edas h\u00e1biles a partir de la fecha de entrega de la compra y siempre y cuando sea por un motivo de cambio de talla. Comun\u00edcate con nuestro equipo de atenci\u00f3n al cliente al siguiente mail [&hellip;]<\/p>\n","protected":false},"author":98,"featured_media":0,"parent":0,"menu_order":0,"comment_status":"closed","ping_status":"closed","template":"template-builder.php","meta":{"_acf_changed":false,"footnotes":""},"class_list":["post-2744","page","type-page","status-publish","hentry"],"acf":[],"yoast_head":"<!-- This site is optimized with the Yoast SEO Premium plugin v22.0 (Yoast SEO v22.0) - https:\/\/yoast.com\/wordpress\/plugins\/seo\/ -->\n<title>Cambios y devoluciones | Lilai Sleepwear<\/title>\n<meta name=\"robots\" content=\"index, follow, max-snippet:-1, max-image-preview:large, max-video-preview:-1\" \/>\n<link rel=\"canonical\" href=\"https:\/\/lilaisleepwear.com\/en\/cambios-y-devoluciones\/\" \/>\n<meta property=\"og:locale\" content=\"en_US\" \/>\n<meta property=\"og:type\" content=\"article\" \/>\n<meta property=\"og:title\" content=\"Cambios y devoluciones\" \/>\n<meta property=\"og:description\" content=\"CAMBIOS Y DEVOLUCIONES Si deseas realizar alg\u00fan cambio por productos adquiridos en nuestra web, podr\u00e1s hacerlo dentro de los 3 d\u00edas h\u00e1biles a partir de la fecha de entrega de la compra y siempre y cuando sea por un motivo de cambio de talla. Comun\u00edcate con nuestro equipo de atenci\u00f3n al cliente al siguiente mail [&hellip;]\" \/>\n<meta property=\"og:url\" content=\"https:\/\/lilaisleepwear.com\/en\/cambios-y-devoluciones\/\" \/>\n<meta property=\"og:site_name\" content=\"Lilai Sleepwear\" \/>\n<meta property=\"article:publisher\" content=\"https:\/\/www.facebook.com\/lilaisw\/\" \/>\n<meta property=\"article:modified_time\" content=\"2021-06-03T18:41:36+00:00\" \/>\n<meta property=\"og:image\" content=\"https:\/\/lilaisleepwear.com\/wp-content\/uploads\/2021\/06\/lilaicover.png\" \/>\n\t<meta property=\"og:image:width\" content=\"1200\" \/>\n\t<meta property=\"og:image:height\" content=\"630\" \/>\n\t<meta property=\"og:image:type\" content=\"image\/png\" \/>\n<meta name=\"twitter:card\" content=\"summary_large_image\" \/>\n<script type=\"application\/ld+json\" class=\"yoast-schema-graph\">{\"@context\":\"https:\/\/schema.org\",\"@graph\":[{\"@type\":\"WebPage\",\"@id\":\"https:\/\/lilaisleepwear.com\/en\/cambios-y-devoluciones\/\",\"url\":\"https:\/\/lilaisleepwear.com\/en\/cambios-y-devoluciones\/\",\"name\":\"Cambios y devoluciones | Lilai Sleepwear\",\"isPartOf\":{\"@id\":\"http:\/\/lilaisleepwear.com\/#website\"},\"datePublished\":\"2019-07-31T18:41:58+00:00\",\"dateModified\":\"2021-06-03T18:41:36+00:00\",\"breadcrumb\":{\"@id\":\"https:\/\/lilaisleepwear.com\/en\/cambios-y-devoluciones\/#breadcrumb\"},\"inLanguage\":\"en-US\",\"potentialAction\":[{\"@type\":\"ReadAction\",\"target\":[\"https:\/\/lilaisleepwear.com\/en\/cambios-y-devoluciones\/\"]}]},{\"@type\":\"BreadcrumbList\",\"@id\":\"https:\/\/lilaisleepwear.com\/en\/cambios-y-devoluciones\/#breadcrumb\",\"itemListElement\":[{\"@type\":\"ListItem\",\"position\":1,\"name\":\"Home\",\"item\":\"https:\/\/lilaisleepwear.com\/en\/\"},{\"@type\":\"ListItem\",\"position\":2,\"name\":\"Cambios y devoluciones\"}]},{\"@type\":\"WebSite\",\"@id\":\"http:\/\/lilaisleepwear.com\/#website\",\"url\":\"http:\/\/lilaisleepwear.com\/\",\"name\":\"Lilai Sleepwear\",\"description\":\"1er Borrador\",\"publisher\":{\"@id\":\"http:\/\/lilaisleepwear.com\/#organization\"},\"potentialAction\":[{\"@type\":\"SearchAction\",\"target\":{\"@type\":\"EntryPoint\",\"urlTemplate\":\"http:\/\/lilaisleepwear.com\/?s={search_term_string}\"},\"query-input\":\"required name=search_term_string\"}],\"inLanguage\":\"en-US\"},{\"@type\":\"Organization\",\"@id\":\"http:\/\/lilaisleepwear.com\/#organization\",\"name\":\"Lilai Sleepwear\",\"url\":\"http:\/\/lilaisleepwear.com\/\",\"logo\":{\"@type\":\"ImageObject\",\"inLanguage\":\"en-US\",\"@id\":\"http:\/\/lilaisleepwear.com\/#\/schema\/logo\/image\/\",\"url\":\"https:\/\/lilaisleepwear.com\/wp-content\/uploads\/2021\/06\/logoheadlilaimail-1.png\",\"contentUrl\":\"https:\/\/lilaisleepwear.com\/wp-content\/uploads\/2021\/06\/logoheadlilaimail-1.png\",\"width\":300,\"height\":93,\"caption\":\"Lilai Sleepwear\"},\"image\":{\"@id\":\"http:\/\/lilaisleepwear.com\/#\/schema\/logo\/image\/\"},\"sameAs\":[\"https:\/\/www.facebook.com\/lilaisw\/\",\"https:\/\/www.instagram.com\/lilaisleepwear\/\",\"https:\/\/www.pinterest.es\/lilaisleepwear\/\"]}]}<\/script>\n<!-- \/ Yoast SEO Premium plugin. -->","yoast_head_json":{"title":"Cambios y devoluciones | Lilai Sleepwear","robots":{"index":"index","follow":"follow","max-snippet":"max-snippet:-1","max-image-preview":"max-image-preview:large","max-video-preview":"max-video-preview:-1"},"canonical":"https:\/\/lilaisleepwear.com\/en\/cambios-y-devoluciones\/","og_locale":"en_US","og_type":"article","og_title":"Cambios y devoluciones","og_description":"CAMBIOS Y DEVOLUCIONES Si deseas realizar alg\u00fan cambio por productos adquiridos en nuestra web, podr\u00e1s hacerlo dentro de los 3 d\u00edas h\u00e1biles a partir de la fecha de entrega de la compra y siempre y cuando sea por un motivo de cambio de talla. Comun\u00edcate con nuestro equipo de atenci\u00f3n al cliente al siguiente mail [&hellip;]","og_url":"https:\/\/lilaisleepwear.com\/en\/cambios-y-devoluciones\/","og_site_name":"Lilai Sleepwear","article_publisher":"https:\/\/www.facebook.com\/lilaisw\/","article_modified_time":"2021-06-03T18:41:36+00:00","og_image":[{"width":1200,"height":630,"url":"https:\/\/lilaisleepwear.com\/wp-content\/uploads\/2021\/06\/lilaicover.png","type":"image\/png"}],"twitter_card":"summary_large_image","schema":{"@context":"https:\/\/schema.org","@graph":[{"@type":"WebPage","@id":"https:\/\/lilaisleepwear.com\/en\/cambios-y-devoluciones\/","url":"https:\/\/lilaisleepwear.com\/en\/cambios-y-devoluciones\/","name":"Cambios y devoluciones | Lilai Sleepwear","isPartOf":{"@id":"http:\/\/lilaisleepwear.com\/#website"},"datePublished":"2019-07-31T18:41:58+00:00","dateModified":"2021-06-03T18:41:36+00:00","breadcrumb":{"@id":"https:\/\/lilaisleepwear.com\/en\/cambios-y-devoluciones\/#breadcrumb"},"inLanguage":"en-US","potentialAction":[{"@type":"ReadAction","target":["https:\/\/lilaisleepwear.com\/en\/cambios-y-devoluciones\/"]}]},{"@type":"BreadcrumbList","@id":"https:\/\/lilaisleepwear.com\/en\/cambios-y-devoluciones\/#breadcrumb","itemListElement":[{"@type":"ListItem","position":1,"name":"Home","item":"https:\/\/lilaisleepwear.com\/en\/"},{"@type":"ListItem","position":2,"name":"Cambios y devoluciones"}]},{"@type":"WebSite","@id":"http:\/\/lilaisleepwear.com\/#website","url":"http:\/\/lilaisleepwear.com\/","name":"Lilai Sleepwear","description":"1er Borrador","publisher":{"@id":"http:\/\/lilaisleepwear.com\/#organization"},"potentialAction":[{"@type":"SearchAction","target":{"@type":"EntryPoint","urlTemplate":"http:\/\/lilaisleepwear.com\/?s={search_term_string}"},"query-input":"required name=search_term_string"}],"inLanguage":"en-US"},{"@type":"Organization","@id":"http:\/\/lilaisleepwear.com\/#organization","name":"Lilai Sleepwear","url":"http:\/\/lilaisleepwear.com\/","logo":{"@type":"ImageObject","inLanguage":"en-US","@id":"http:\/\/lilaisleepwear.com\/#\/schema\/logo\/image\/","url":"https:\/\/lilaisleepwear.com\/wp-content\/uploads\/2021\/06\/logoheadlilaimail-1.png","contentUrl":"https:\/\/lilaisleepwear.com\/wp-content\/uploads\/2021\/06\/logoheadlilaimail-1.png","width":300,"height":93,"caption":"Lilai Sleepwear"},"image":{"@id":"http:\/\/lilaisleepwear.com\/#\/schema\/logo\/image\/"},"sameAs":["https:\/\/www.facebook.com\/lilaisw\/","https:\/\/www.instagram.com\/lilaisleepwear\/","https:\/\/www.pinterest.es\/lilaisleepwear\/"]}]}},"_links":{"self":[{"href":"https:\/\/lilaisleepwear.com\/en\/wp-json\/wp\/v2\/pages\/2744","targetHints":{"allow":["GET"]}}],"collection":[{"href":"https:\/\/lilaisleepwear.com\/en\/wp-json\/wp\/v2\/pages"}],"about":[{"href":"https:\/\/lilaisleepwear.com\/en\/wp-json\/wp\/v2\/types\/page"}],"author":[{"embeddable":true,"href":"https:\/\/lilaisleepwear.com\/en\/wp-json\/wp\/v2\/users\/98"}],"replies":[{"embeddable":true,"href":"https:\/\/lilaisleepwear.com\/en\/wp-json\/wp\/v2\/comments?post=2744"}],"version-history":[{"count":0,"href":"https:\/\/lilaisleepwear.com\/en\/wp-json\/wp\/v2\/pages\/2744\/revisions"}],"wp:attachment":[{"href":"https:\/\/lilaisleepwear.com\/en\/wp-json\/wp\/v2\/media?parent=2744"}],"curies":[{"name":"wp","href":"https:\/\/api.w.org\/{rel}","templated":true}]}}